{"id":60,"date":"2026-01-17T13:54:04","date_gmt":"2026-01-17T13:54:04","guid":{"rendered":"https:\/\/puertonarinoamazonas.com\/?page_id=60"},"modified":"2026-04-09T21:36:22","modified_gmt":"2026-04-09T21:36:22","slug":"destinacion-recursos-turismo-puerto-narino","status":"publish","type":"page","link":"https:\/\/puertonarinoamazonas.com\/en\/destinacion-recursos-turismo-puerto-narino\/","title":{"rendered":"Destino de Recursos en el Turismo"},"content":{"rendered":"<div data-elementor-type=\"wp-page\" data-elementor-id=\"60\" class=\"elementor elementor-60\" data-elementor-post-type=\"page\">\n\t\t\t\t<div class=\"elementor-element elementor-element-bdd92aa e-flex e-con-boxed e-con e-parent\" data-id=\"bdd92aa\" data-element_type=\"container\" data-e-type=\"container\" data-settings=\"{&quot;background_background&quot;:&quot;classic&quot;}\">\n\t\t\t\t\t<div class=\"e-con-inner\">\n\t\t\t\t<div class=\"elementor-element elementor-element-cdc0e4c elementor-widget elementor-widget-heading\" data-id=\"cdc0e4c\" data-element_type=\"widget\" data-e-type=\"widget\" data-widget_type=\"heading.default\">\n\t\t\t\t\t<h2 class=\"elementor-heading-title elementor-size-default\">Allocation of resources: <\/h2>\t\t\t\t<\/div>\n\t\t\t\t\t<\/div>\n\t\t\t\t<\/div>\n\t\t<div class=\"elementor-element elementor-element-8543bb4 e-con-full e-flex e-con e-parent\" data-id=\"8543bb4\" data-element_type=\"container\" data-e-type=\"container\" data-settings=\"{&quot;background_background&quot;:&quot;classic&quot;,&quot;background_motion_fx_motion_fx_mouse&quot;:&quot;yes&quot;}\">\n\t\t<div class=\"elementor-element elementor-element-fe020ea e-con-full e-flex e-con e-child\" data-id=\"fe020ea\" data-element_type=\"container\" data-e-type=\"container\">\n\t\t\t\t<div class=\"elementor-element elementor-element-113ab09 elementor-widget elementor-widget-text-editor\" data-id=\"113ab09\" data-element_type=\"widget\" data-e-type=\"widget\" data-widget_type=\"text-editor.default\">\n\t\t\t\t\t\t\t\t\t<p><a href=\"https:\/\/www.puertonarino-amazonas.gov.co\/normatividad\/acuerdo-n-0017-del-22-de-diciembre-de-2025\" target=\"_blank\" rel=\"noopener\">Municipal Agreement 0017 of 22 December 2025 Allocation of resources:<\/a><\/p>\t\t\t\t\t\t\t\t<\/div>\n\t\t\t\t<div class=\"elementor-element elementor-element-335849f elementor-widget elementor-widget-text-editor\" data-id=\"335849f\" data-element_type=\"widget\" data-e-type=\"widget\" data-widget_type=\"text-editor.default\">\n\t\t\t\t\t\t\t\t\t<p>The investment of the resources collected is aimed at strengthening sustainable, responsible and culturally respectful tourism through the implementation of specific actions focused on the conservation and protection of tourist attractions (viewpoint, public space, sculpture circuit, etc.), the beautification and maintenance of the town centre, and the preservation of the municipality's strategic environmental areas, including the Ramsar site (Tarapoto Lakes) to control access and carrying capacity (number of boats per day).<\/p><p>Likewise, resources are allocated to diversifying tourism offerings by strengthening and creating cultural, artistic, and nature trails that highlight the identity of the territory's three ethnic groups, as well as to the construction, adaptation, and maintenance of cultural venues that stimulate tourism and community activity.<\/p><p>In a coordinated manner, ongoing actions are carried out to safeguard intangible cultural heritage through regular cultural activities led by the Secretariat of Culture, which promote the visibility, transmission and appreciation of traditional local expressions.<br \/>With regard to tourism management, measures are being taken to control and manage visitor flows appropriately, including improvements to the Entry Control Point planned for 2025, the implementation of control systems, and the efficient use of water and energy, ensuring compliance with carrying capacity and environmental sustainability.<\/p><p>Finally, the resources enable the operation and maintenance of the Tourist Control Point, strengthen security conditions for residents and visitors, and maintain NTS\u2013TS 001-1 certification through ongoing institutional actions coordinated between the various municipal administration departments and other stakeholders, including the implementation of connectivity points in the urban centre as part of the continuous improvement of the tourist experience.<\/p>\t\t\t\t\t\t\t\t<\/div>\n\t\t\t\t<\/div>\n\t\t<div class=\"elementor-element elementor-element-fb95348 e-con-full elementor-hidden-mobile e-flex e-con e-child\" data-id=\"fb95348\" data-element_type=\"container\" data-e-type=\"container\" data-settings=\"{&quot;background_background&quot;:&quot;classic&quot;,&quot;background_motion_fx_motion_fx_mouse&quot;:&quot;yes&quot;}\">\n\t\t\t\t<\/div>\n\t\t\t\t<\/div>\n\t\t\t\t<\/div>","protected":false},"excerpt":{"rendered":"<p>Destinaci\u00f3n de los recursos: Acuerdo Municipal 0017 del 22 de diciembre 2025 Destinaci\u00f3n de los recursos: La inversi\u00f3n de los recursos recaudados se orienta al fortalecimiento de un turismo sostenible, responsable y culturalmente respetuoso, mediante la ejecuci\u00f3n de acciones concretas enfocadas en la conservaci\u00f3n y protecci\u00f3n de los atractivos tur\u00edsticos (mirador, espacio p\u00fablico, circuito de [&hellip;]<\/p>\n","protected":false},"author":1,"featured_media":4333,"parent":0,"menu_order":0,"comment_status":"closed","ping_status":"closed","template":"","meta":{"_acf_changed":false,"footnotes":""},"class_list":["post-60","page","type-page","status-publish","has-post-thumbnail","hentry"],"acf":[],"yoast_head":"<!-- This site is optimized with the Yoast SEO plugin v27.4 - https:\/\/yoast.com\/product\/yoast-seo-wordpress\/ -->\n<title>Destino de recursos | Turismo sostenible Puerto Nari\u00f1o<\/title>\n<meta name=\"description\" content=\"Conoce c\u00f3mo Puerto Nari\u00f1o destina recursos en turismo sostenible, cultura, conservaci\u00f3n ambiental y control del ingreso de visitantes.\" \/>\n<meta name=\"robots\" content=\"index, follow, max-snippet:-1, max-image-preview:large, max-video-preview:-1\" \/>\n<link rel=\"canonical\" href=\"https:\/\/puertonarinoamazonas.com\/en\/destinacion-recursos-turismo-puerto-narino\/\" \/>\n<meta property=\"og:locale\" content=\"en_US\" \/>\n<meta property=\"og:type\" content=\"article\" \/>\n<meta property=\"og:title\" content=\"Destino de recursos | Turismo sostenible Puerto Nari\u00f1o\" \/>\n<meta property=\"og:description\" content=\"Conoce c\u00f3mo Puerto Nari\u00f1o destina recursos en turismo sostenible, cultura, conservaci\u00f3n ambiental y control del ingreso de visitantes.\" \/>\n<meta property=\"og:url\" content=\"https:\/\/puertonarinoamazonas.com\/en\/destinacion-recursos-turismo-puerto-narino\/\" \/>\n<meta property=\"og:site_name\" content=\"Puerto Nari\u00f1o\" \/>\n<meta property=\"article:modified_time\" content=\"2026-04-09T21:36:22+00:00\" \/>\n<meta property=\"og:image\" content=\"https:\/\/puertonarinoamazonas.com\/wp-content\/uploads\/2026\/02\/IMG_20251024_185805.jpg-scaled.jpeg\" \/>\n\t<meta property=\"og:image:width\" content=\"2560\" \/>\n\t<meta property=\"og:image:height\" content=\"1706\" \/>\n\t<meta property=\"og:image:type\" content=\"image\/jpeg\" \/>\n<meta name=\"twitter:card\" content=\"summary_large_image\" \/>\n<meta name=\"twitter:label1\" content=\"Est. reading time\" \/>\n\t<meta name=\"twitter:data1\" content=\"2 minutes\" \/>\n<script type=\"application\/ld+json\" class=\"yoast-schema-graph\">{\"@context\":\"https:\\\/\\\/schema.org\",\"@graph\":[{\"@type\":\"WebPage\",\"@id\":\"https:\\\/\\\/puertonarinoamazonas.com\\\/destinacion-recursos-turismo-puerto-narino\\\/\",\"url\":\"https:\\\/\\\/puertonarinoamazonas.com\\\/destinacion-recursos-turismo-puerto-narino\\\/\",\"name\":\"Destino de recursos | Turismo sostenible Puerto Nari\u00f1o\",\"isPartOf\":{\"@id\":\"https:\\\/\\\/puertonarinoamazonas.com\\\/#website\"},\"primaryImageOfPage\":{\"@id\":\"https:\\\/\\\/puertonarinoamazonas.com\\\/destinacion-recursos-turismo-puerto-narino\\\/#primaryimage\"},\"image\":{\"@id\":\"https:\\\/\\\/puertonarinoamazonas.com\\\/destinacion-recursos-turismo-puerto-narino\\\/#primaryimage\"},\"thumbnailUrl\":\"https:\\\/\\\/puertonarinoamazonas.com\\\/wp-content\\\/uploads\\\/2026\\\/02\\\/IMG_20251024_185805.jpg-scaled.jpeg\",\"datePublished\":\"2026-01-17T13:54:04+00:00\",\"dateModified\":\"2026-04-09T21:36:22+00:00\",\"description\":\"Conoce c\u00f3mo Puerto Nari\u00f1o destina recursos en turismo sostenible, cultura, conservaci\u00f3n ambiental y control del ingreso de visitantes.\",\"breadcrumb\":{\"@id\":\"https:\\\/\\\/puertonarinoamazonas.com\\\/destinacion-recursos-turismo-puerto-narino\\\/#breadcrumb\"},\"inLanguage\":\"en-US\",\"potentialAction\":[{\"@type\":\"ReadAction\",\"target\":[\"https:\\\/\\\/puertonarinoamazonas.com\\\/destinacion-recursos-turismo-puerto-narino\\\/\"]}]},{\"@type\":\"ImageObject\",\"inLanguage\":\"en-US\",\"@id\":\"https:\\\/\\\/puertonarinoamazonas.com\\\/destinacion-recursos-turismo-puerto-narino\\\/#primaryimage\",\"url\":\"https:\\\/\\\/puertonarinoamazonas.com\\\/wp-content\\\/uploads\\\/2026\\\/02\\\/IMG_20251024_185805.jpg-scaled.jpeg\",\"contentUrl\":\"https:\\\/\\\/puertonarinoamazonas.com\\\/wp-content\\\/uploads\\\/2026\\\/02\\\/IMG_20251024_185805.jpg-scaled.jpeg\",\"width\":2560,\"height\":1706,\"caption\":\"Fotograf\u00eda de un letrero monumental con el nombre 'PUERTO NARI\u00d1O' decorado con mosaicos coloridos que representan la fauna y flora local. Frente a las letras, se encuentra una gran escultura de un pez piraruc\u00fa. La escena ocurre durante un atardecer vibrante, con el sol bajo proyectando rayos anaranjados detr\u00e1s de una silueta de selva y un r\u00edo tranquilo. En primer plano, hay un jard\u00edn cuidado con arbustos bajos.\"},{\"@type\":\"BreadcrumbList\",\"@id\":\"https:\\\/\\\/puertonarinoamazonas.com\\\/destinacion-recursos-turismo-puerto-narino\\\/#breadcrumb\",\"itemListElement\":[{\"@type\":\"ListItem\",\"position\":1,\"name\":\"Portada\",\"item\":\"https:\\\/\\\/puertonarinoamazonas.com\\\/\"},{\"@type\":\"ListItem\",\"position\":2,\"name\":\"Destino de Recursos en el Turismo\"}]},{\"@type\":\"WebSite\",\"@id\":\"https:\\\/\\\/puertonarinoamazonas.com\\\/#website\",\"url\":\"https:\\\/\\\/puertonarinoamazonas.com\\\/\",\"name\":\"Puerto Nari\u00f1o Amazonas\",\"description\":\"Puerto Nari\u00f1o en el Amazonas un destino sostenible\",\"publisher\":{\"@id\":\"https:\\\/\\\/puertonarinoamazonas.com\\\/#organization\"},\"alternateName\":\"Puerto Nari\u00f1o\",\"potentialAction\":[{\"@type\":\"SearchAction\",\"target\":{\"@type\":\"EntryPoint\",\"urlTemplate\":\"https:\\\/\\\/puertonarinoamazonas.com\\\/?s={search_term_string}\"},\"query-input\":{\"@type\":\"PropertyValueSpecification\",\"valueRequired\":true,\"valueName\":\"search_term_string\"}}],\"inLanguage\":\"en-US\"},{\"@type\":\"Organization\",\"@id\":\"https:\\\/\\\/puertonarinoamazonas.com\\\/#organization\",\"name\":\"Laboratorio Vivo de Turismo y Bioeconom\u00eda Puerto Nari\u00f1o Amazonas\",\"alternateName\":\"Laboratorio Vivo de Puerto Nari\u00f1o Amazonas\",\"url\":\"https:\\\/\\\/puertonarinoamazonas.com\\\/\",\"logo\":{\"@type\":\"ImageObject\",\"inLanguage\":\"en-US\",\"@id\":\"https:\\\/\\\/puertonarinoamazonas.com\\\/#\\\/schema\\\/logo\\\/image\\\/\",\"url\":\"https:\\\/\\\/puertonarinoamazonas.com\\\/wp-content\\\/uploads\\\/2026\\\/01\\\/Logo-Living-Lab.png\",\"contentUrl\":\"https:\\\/\\\/puertonarinoamazonas.com\\\/wp-content\\\/uploads\\\/2026\\\/01\\\/Logo-Living-Lab.png\",\"width\":285,\"height\":205,\"caption\":\"Laboratorio Vivo de Turismo y Bioeconom\u00eda Puerto Nari\u00f1o Amazonas\"},\"image\":{\"@id\":\"https:\\\/\\\/puertonarinoamazonas.com\\\/#\\\/schema\\\/logo\\\/image\\\/\"},\"sameAs\":[\"https:\\\/\\\/www.youtube.com\\\/@PuertoNarioAmazonas\"]}]}<\/script>\n<!-- \/ Yoast SEO plugin. -->","yoast_head_json":{"title":"Destino de recursos | Turismo sostenible Puerto Nari\u00f1o","description":"Conoce c\u00f3mo Puerto Nari\u00f1o destina recursos en turismo sostenible, cultura, conservaci\u00f3n ambiental y control del ingreso de visitantes.","robots":{"index":"index","follow":"follow","max-snippet":"max-snippet:-1","max-image-preview":"max-image-preview:large","max-video-preview":"max-video-preview:-1"},"canonical":"https:\/\/puertonarinoamazonas.com\/en\/destinacion-recursos-turismo-puerto-narino\/","og_locale":"en_US","og_type":"article","og_title":"Destino de recursos | Turismo sostenible Puerto Nari\u00f1o","og_description":"Conoce c\u00f3mo Puerto Nari\u00f1o destina recursos en turismo sostenible, cultura, conservaci\u00f3n ambiental y control del ingreso de visitantes.","og_url":"https:\/\/puertonarinoamazonas.com\/en\/destinacion-recursos-turismo-puerto-narino\/","og_site_name":"Puerto Nari\u00f1o","article_modified_time":"2026-04-09T21:36:22+00:00","og_image":[{"width":2560,"height":1706,"url":"https:\/\/puertonarinoamazonas.com\/wp-content\/uploads\/2026\/02\/IMG_20251024_185805.jpg-scaled.jpeg","type":"image\/jpeg"}],"twitter_card":"summary_large_image","twitter_misc":{"Est. reading time":"2 minutes"},"schema":{"@context":"https:\/\/schema.org","@graph":[{"@type":"WebPage","@id":"https:\/\/puertonarinoamazonas.com\/destinacion-recursos-turismo-puerto-narino\/","url":"https:\/\/puertonarinoamazonas.com\/destinacion-recursos-turismo-puerto-narino\/","name":"Destino de recursos | Turismo sostenible Puerto Nari\u00f1o","isPartOf":{"@id":"https:\/\/puertonarinoamazonas.com\/#website"},"primaryImageOfPage":{"@id":"https:\/\/puertonarinoamazonas.com\/destinacion-recursos-turismo-puerto-narino\/#primaryimage"},"image":{"@id":"https:\/\/puertonarinoamazonas.com\/destinacion-recursos-turismo-puerto-narino\/#primaryimage"},"thumbnailUrl":"https:\/\/puertonarinoamazonas.com\/wp-content\/uploads\/2026\/02\/IMG_20251024_185805.jpg-scaled.jpeg","datePublished":"2026-01-17T13:54:04+00:00","dateModified":"2026-04-09T21:36:22+00:00","description":"Conoce c\u00f3mo Puerto Nari\u00f1o destina recursos en turismo sostenible, cultura, conservaci\u00f3n ambiental y control del ingreso de visitantes.","breadcrumb":{"@id":"https:\/\/puertonarinoamazonas.com\/destinacion-recursos-turismo-puerto-narino\/#breadcrumb"},"inLanguage":"en-US","potentialAction":[{"@type":"ReadAction","target":["https:\/\/puertonarinoamazonas.com\/destinacion-recursos-turismo-puerto-narino\/"]}]},{"@type":"ImageObject","inLanguage":"en-US","@id":"https:\/\/puertonarinoamazonas.com\/destinacion-recursos-turismo-puerto-narino\/#primaryimage","url":"https:\/\/puertonarinoamazonas.com\/wp-content\/uploads\/2026\/02\/IMG_20251024_185805.jpg-scaled.jpeg","contentUrl":"https:\/\/puertonarinoamazonas.com\/wp-content\/uploads\/2026\/02\/IMG_20251024_185805.jpg-scaled.jpeg","width":2560,"height":1706,"caption":"Fotograf\u00eda de un letrero monumental con el nombre 'PUERTO NARI\u00d1O' decorado con mosaicos coloridos que representan la fauna y flora local. Frente a las letras, se encuentra una gran escultura de un pez piraruc\u00fa. La escena ocurre durante un atardecer vibrante, con el sol bajo proyectando rayos anaranjados detr\u00e1s de una silueta de selva y un r\u00edo tranquilo. En primer plano, hay un jard\u00edn cuidado con arbustos bajos."},{"@type":"BreadcrumbList","@id":"https:\/\/puertonarinoamazonas.com\/destinacion-recursos-turismo-puerto-narino\/#breadcrumb","itemListElement":[{"@type":"ListItem","position":1,"name":"Portada","item":"https:\/\/puertonarinoamazonas.com\/"},{"@type":"ListItem","position":2,"name":"Destino de Recursos en el Turismo"}]},{"@type":"WebSite","@id":"https:\/\/puertonarinoamazonas.com\/#website","url":"https:\/\/puertonarinoamazonas.com\/","name":"Puerto Nari\u00f1o Amazonas","description":"Puerto Nari\u00f1o en el Amazonas un destino sostenible","publisher":{"@id":"https:\/\/puertonarinoamazonas.com\/#organization"},"alternateName":"Puerto Nari\u00f1o","potentialAction":[{"@type":"SearchAction","target":{"@type":"EntryPoint","urlTemplate":"https:\/\/puertonarinoamazonas.com\/?s={search_term_string}"},"query-input":{"@type":"PropertyValueSpecification","valueRequired":true,"valueName":"search_term_string"}}],"inLanguage":"en-US"},{"@type":"Organization","@id":"https:\/\/puertonarinoamazonas.com\/#organization","name":"Laboratorio Vivo de Turismo y Bioeconom\u00eda Puerto Nari\u00f1o Amazonas","alternateName":"Laboratorio Vivo de Puerto Nari\u00f1o Amazonas","url":"https:\/\/puertonarinoamazonas.com\/","logo":{"@type":"ImageObject","inLanguage":"en-US","@id":"https:\/\/puertonarinoamazonas.com\/#\/schema\/logo\/image\/","url":"https:\/\/puertonarinoamazonas.com\/wp-content\/uploads\/2026\/01\/Logo-Living-Lab.png","contentUrl":"https:\/\/puertonarinoamazonas.com\/wp-content\/uploads\/2026\/01\/Logo-Living-Lab.png","width":285,"height":205,"caption":"Laboratorio Vivo de Turismo y Bioeconom\u00eda Puerto Nari\u00f1o Amazonas"},"image":{"@id":"https:\/\/puertonarinoamazonas.com\/#\/schema\/logo\/image\/"},"sameAs":["https:\/\/www.youtube.com\/@PuertoNarioAmazonas"]}]}},"_links":{"self":[{"href":"https:\/\/puertonarinoamazonas.com\/en\/wp-json\/wp\/v2\/pages\/60","targetHints":{"allow":["GET"]}}],"collection":[{"href":"https:\/\/puertonarinoamazonas.com\/en\/wp-json\/wp\/v2\/pages"}],"about":[{"href":"https:\/\/puertonarinoamazonas.com\/en\/wp-json\/wp\/v2\/types\/page"}],"author":[{"embeddable":true,"href":"https:\/\/puertonarinoamazonas.com\/en\/wp-json\/wp\/v2\/users\/1"}],"replies":[{"embeddable":true,"href":"https:\/\/puertonarinoamazonas.com\/en\/wp-json\/wp\/v2\/comments?post=60"}],"version-history":[{"count":50,"href":"https:\/\/puertonarinoamazonas.com\/en\/wp-json\/wp\/v2\/pages\/60\/revisions"}],"predecessor-version":[{"id":4710,"href":"https:\/\/puertonarinoamazonas.com\/en\/wp-json\/wp\/v2\/pages\/60\/revisions\/4710"}],"wp:featuredmedia":[{"embeddable":true,"href":"https:\/\/puertonarinoamazonas.com\/en\/wp-json\/wp\/v2\/media\/4333"}],"wp:attachment":[{"href":"https:\/\/puertonarinoamazonas.com\/en\/wp-json\/wp\/v2\/media?parent=60"}],"curies":[{"name":"wp","href":"https:\/\/api.w.org\/{rel}","templated":true}]}}